{"id":253,"date":"2022-01-27T16:24:16","date_gmt":"2022-01-27T19:24:16","guid":{"rendered":"https:\/\/barro.cl\/tiendaBarro\/?page_id=253"},"modified":"2022-04-25T20:18:24","modified_gmt":"2022-04-25T23:18:24","slug":"terminos-y-condiciones","status":"publish","type":"page","link":"https:\/\/barro.cl\/tiendaBarro\/terminos-y-condiciones\/","title":{"rendered":"T\u00e9rminos y Condiciones"},"content":{"rendered":"\n<p>Barro Productos vende productos de perfumer\u00eda textil y otros productos afines dentro de la categor\u00eda de aromatizantes, pudiendo ofrecer distintos otros productos seg\u00fan el desarrollo de la tienda. Las transacciones que se efect\u00faen a trav\u00e9s del sitio www.barro.cl\/TiendaBarro, Tienda Online, quedar\u00e1n sujetas a los siguientes T\u00e9rminos y Condiciones de Ventas, as\u00ed como a la legislaci\u00f3n chilena vigente, en particular a la Ley 19496 que Establece Norma sobre Protecci\u00f3n de los Derechos de los Consumidores: No es requisito para comprar en www.barro.cl, la aceptaci\u00f3n de los t\u00e9rminos y condiciones de ventas.<\/p>\n\n\n\n<p>El registro del cliente en el sitio www.barro.cl\/TiendaBarro, no es indispensable para comprar productos a trav\u00e9s del mismo. El cliente puede cargar uno o m\u00e1s producto al carro de compras, una vez realizada esta operaci\u00f3n debe revisar carro y seleccionar bot\u00f3n pagar, se desplegar\u00e1n las distintas opciones.<\/p>\n\n\n\n<h4 class=\"wp-block-heading\" id=\"detalle-de-pedido-de-compra\">Detalle de Pedido de Compra<\/h4>\n\n\n\n<p>Una vez ingresado los productos, tienes la opci\u00f3n de revisar, modificar, sumar la cantidad o quitar productos de tu carro de compras. Una vez confirmado el siguiente paso es \u201cFinalizar Compra\u201d, indicando la direcci\u00f3n\u00a0de despacho, agregar comentarios o alcances para el despacho que faciliten la entrega del producto.<\/p>\n\n\n\n<h3 class=\"wp-block-heading\">Estimados clientes, nuestros productos son fabricados seg\u00fan solicitud de compra mediante nuestra tienda, lo cual significa que cada producto tiene un per\u00edodo de fabricaci\u00f3n de 48 horas, esto inclu\u00eddo el tiempo requerido para su maceraci\u00f3n.<\/h3>\n\n\n\n<h3 class=\"wp-block-heading\">Luego de finalizado el per\u00edodo de fabricaci\u00f3n y reposo, los productos son embalados y despachados mediante el servicio que el cliente solicit\u00f3 al momento de realizar la compra.<\/h3>\n\n\n\n<h4 class=\"wp-block-heading\" id=\"modo-de-pago\">Modo de Pago\u00a0<\/h4>\n\n\n\n<p>El pago es a trav\u00e9s de FLOW, pudiendo ofrecer distintos otros m\u00e9todos de pago seg\u00fan sea los requerimientos que se puedan dar en el futuro. el proceso de pago se realizara en cada plataforma bancaria que presta servicios al comercio electr\u00f3nico. <\/p>\n\n\n\n<h4 class=\"wp-block-heading\" id=\"confirmacion-de-pedido\">Confirmaci\u00f3n de pedido\u00a0<\/h4>\n\n\n\n<p>Cliente recibir\u00e1 el Pedido de compra con n\u00famero de pedido, fecha, hora de compra, forma de pago, detalle de la compra, total pagado, medio de env\u00edo, direcci\u00f3n de despacho.<\/p>\n\n\n\n<h4 class=\"wp-block-heading\" id=\"envio\">Env\u00edo\u00a0<\/h4>\n\n\n\n<p class=\"has-medium-font-size\">Env\u00edos se hacen a trav\u00e9s de <strong>ZCARGO Y Chilexpress<\/strong>. Se entrega el producto para despacho los d\u00edas martes y jueves. <\/p>\n\n\n\n<p>Los env\u00edos mediante <strong>ZCARGO<\/strong>, se realizan dentro de santiago en la siguientes comunas: La Reina, Las Condes, Lo Barnechea, Vitacura, \u00d1u\u00f1oa, Providencia. Cerro Navia, Conchal\u00ed, Quinta Normal, Lo Espejo, Recoleta, Estaci\u00f3n Central, Lo Prado, Renca, Huechuraba, Macul, San Miguel, Independencia, San Joaqu\u00edn, La Cisterna, San Ram\u00f3n, La Florida, Pedro Aguirre Cerda, Santiago (Centro), Pe\u00f1alol\u00e9n, La Granja, Maip\u00fa, La Pintana, El Bosque, Quilicura, Cerrillos, Pudahuel, Puente Alto.<\/p>\n\n\n\n<p>La cobertura en Chicureo considera desde Chamisero hasta la carretera San Mart\u00edn como l\u00edmite.<\/p>\n\n\n\n<p>*<strong>Sin Cobertura (San Bernardo), Cuidad de los valles Pudahuel.<\/strong>*<\/p>\n\n\n\n<p>Las \u00f3rdenes mediante <strong>CHILEEXPRESS<\/strong> se env\u00edan por pagar, a no ser, haber convenido previamente otra forma de env\u00edo. En caso de alg\u00fan problema con el env\u00edo o el producto, contactarse inmediatamente con nosotros para buscar la soluci\u00f3n.<\/p>\n\n\n\n<p><strong>Las compras realizadas en este sitio est\u00e1n sujetas a disponibilidad de stock.<\/strong><\/p>\n\n\n\n<p><\/p>\n\n\n\n<p><strong>Barro Productos, se reserva el derecho a modificar cualquier informaci\u00f3n contenida en este sitio.<\/strong><\/p>\n\n\n\n<p><\/p>\n","protected":false},"excerpt":{"rendered":"<p>Barro Productos vende productos de perfumer\u00eda textil y otros productos afines dentro de la categor\u00eda de aromatizantes, pudiendo ofrecer distintos otros productos seg\u00fan el desarrollo de la tienda. Las transacciones que se efect\u00faen a trav\u00e9s del sitio www.barro.cl\/TiendaBarro, Tienda Online, quedar\u00e1n sujetas a los siguientes T\u00e9rminos y Condiciones de Ventas, as\u00ed como a la legislaci\u00f3n [&hellip;]<\/p>\n","protected":false},"author":1,"featured_media":0,"parent":0,"menu_order":0,"comment_status":"closed","ping_status":"closed","template":"","meta":{"_et_pb_use_builder":"off","_et_pb_old_content":"","_et_gb_content_width":"","footnotes":""},"class_list":["post-253","page","type-page","status-publish","hentry"],"_links":{"self":[{"href":"https:\/\/barro.cl\/tiendaBarro\/wp-json\/wp\/v2\/pages\/253","targetHints":{"allow":["GET"]}}],"collection":[{"href":"https:\/\/barro.cl\/tiendaBarro\/wp-json\/wp\/v2\/pages"}],"about":[{"href":"https:\/\/barro.cl\/tiendaBarro\/wp-json\/wp\/v2\/types\/page"}],"author":[{"embeddable":true,"href":"https:\/\/barro.cl\/tiendaBarro\/wp-json\/wp\/v2\/users\/1"}],"replies":[{"embeddable":true,"href":"https:\/\/barro.cl\/tiendaBarro\/wp-json\/wp\/v2\/comments?post=253"}],"version-history":[{"count":9,"href":"https:\/\/barro.cl\/tiendaBarro\/wp-json\/wp\/v2\/pages\/253\/revisions"}],"predecessor-version":[{"id":495,"href":"https:\/\/barro.cl\/tiendaBarro\/wp-json\/wp\/v2\/pages\/253\/revisions\/495"}],"wp:attachment":[{"href":"https:\/\/barro.cl\/tiendaBarro\/wp-json\/wp\/v2\/media?parent=253"}],"curies":[{"name":"wp","href":"https:\/\/api.w.org\/{rel}","templated":true}]}}