{"id":127,"date":"2022-01-25T16:07:44","date_gmt":"2022-01-25T19:07:44","guid":{"rendered":"https:\/\/barro.cl\/tiendaBarro\/?post_type=product&#038;p=127"},"modified":"2023-03-11T18:37:31","modified_gmt":"2023-03-11T21:37:31","slug":"perfume-textil-romero-te-verde","status":"publish","type":"product","link":"https:\/\/barro.cl\/tiendaBarro\/producto\/perfume-textil-romero-te-verde\/","title":{"rendered":"Perfume textil Romero T\u00e9 Verde"},"content":{"rendered":"<h1><img loading=\"lazy\" decoding=\"async\" class=\"alignnone size-medium wp-image-129\" src=\"https:\/\/barro.cl\/tiendaBarro\/wp-content\/uploads\/2022\/01\/romero-te-verde-300x300.jpg\" alt=\"romero te verde barro productos\" width=\"300\" height=\"300\" \/><\/h1>\n<h1>ROMERO T\u00c9 VERDE<\/h1>\n<div class=\"et_pb_blurb_description\">\n<p>ROMERO T\u00c9 VERDE, este aroma est\u00e1 asociado a las siguientes caracter\u00edsticas: aroma energizante, vigorizante, curativo, libera de temores. Ayuda a mantener la calma y la armon\u00eda, previniendo el estr\u00e9s y la angustia.<\/p>\n<h3>Ingredientes:<\/h3>\n<p>Perfume textil fabricado con esencias arom\u00e1ticas importadas de UK y alcohol de cereal, donde se combinan los mejores ingredientes para lograr un producto de calidad. En dos formatos de botella en vidrio y aluminio, que permite la mejor conservaci\u00f3n de los aromas y calidad del producto.<\/p>\n<h3>Modo de aplicaci\u00f3n:<\/h3>\n<p>Puede aplicar este producto directamente sobre la tela a una distancia de 20 cm. o puede aplicarlo como ambientador en su habitaci\u00f3n, oficina, ba\u00f1o etc. evitando el contacto con los ojos.<\/p>\n<p>Este producto no contiene ning\u00fan aditivo alerg\u00e9nico que pueda irritar su piel, es la misma composici\u00f3n que un perfume normal, ya que s\u00f3lo contiene esencias arom\u00e1ticas y alcohol de cereal, el mismo usado en la perfumer\u00eda.<\/p>\n<p>&nbsp;<\/p>\n<p><img loading=\"lazy\" decoding=\"async\" class=\"alignnone size-full wp-image-84\" src=\"https:\/\/barro.cl\/tiendaBarro\/wp-content\/uploads\/2022\/01\/150barroGD002-c.png\" alt=\"\" width=\"150\" height=\"70\" \/><\/p>\n<\/div>\n","protected":false},"excerpt":{"rendered":"<h4><\/h4>\n<h4>Aromacolog\u00eda<\/h4>\n<p>Este aroma est\u00e1 asociado a las siguientes caracter\u00edsticas: aroma energizante, vigorizante, curativo, libera de temores. Ayuda a mantener la calma y la armon\u00eda, previniendo el estr\u00e9s y la angustia.<\/p>\n","protected":false},"featured_media":630,"template":"","meta":{"_et_pb_use_builder":"","_et_pb_old_content":"","_et_gb_content_width":""},"product_cat":[23],"product_tag":[],"class_list":["post-127","product","type-product","status-publish","has-post-thumbnail","hentry","product_cat-aromacologia"],"_links":{"self":[{"href":"https:\/\/barro.cl\/tiendaBarro\/wp-json\/wp\/v2\/product\/127","targetHints":{"allow":["GET"]}}],"collection":[{"href":"https:\/\/barro.cl\/tiendaBarro\/wp-json\/wp\/v2\/product"}],"about":[{"href":"https:\/\/barro.cl\/tiendaBarro\/wp-json\/wp\/v2\/types\/product"}],"wp:featuredmedia":[{"embeddable":true,"href":"https:\/\/barro.cl\/tiendaBarro\/wp-json\/wp\/v2\/media\/630"}],"wp:attachment":[{"href":"https:\/\/barro.cl\/tiendaBarro\/wp-json\/wp\/v2\/media?parent=127"}],"wp:term":[{"taxonomy":"product_cat","embeddable":true,"href":"https:\/\/barro.cl\/tiendaBarro\/wp-json\/wp\/v2\/product_cat?post=127"},{"taxonomy":"product_tag","embeddable":true,"href":"https:\/\/barro.cl\/tiendaBarro\/wp-json\/wp\/v2\/product_tag?post=127"}],"curies":[{"name":"wp","href":"https:\/\/api.w.org\/{rel}","templated":true}]}}