{"id":99,"date":"2022-01-23T19:06:56","date_gmt":"2022-01-23T22:06:56","guid":{"rendered":"https:\/\/barro.cl\/tiendaBarro\/?post_type=product&#038;p=99"},"modified":"2023-03-11T18:45:07","modified_gmt":"2023-03-11T21:45:07","slug":"perfume-textil-guayaba-lime","status":"publish","type":"product","link":"https:\/\/barro.cl\/tiendaBarro\/producto\/perfume-textil-guayaba-lime\/","title":{"rendered":"Perfume textil Guayaba Lime"},"content":{"rendered":"<h1><img loading=\"lazy\" decoding=\"async\" class=\"alignnone size-medium wp-image-93\" src=\"https:\/\/barro.cl\/tiendaBarro\/wp-content\/uploads\/2022\/01\/guayaba-lime-300x300.jpg\" alt=\"\" width=\"300\" height=\"300\" \/><\/h1>\n<h1>GUAYABA LIME<\/h1>\n<div class=\"et_pb_blurb_description\">\n<p>GUAYABA LIME, este aroma est\u00e1 asociado a las siguientes caracter\u00edsticas: aroma delicioso, sensual que entusiasma, combate la tristeza, el des\u00e1nimo, la depresi\u00f3n y la falta de motivaci\u00f3n. Renovaci\u00f3n, frescura de cambios para bien; alivia la melancol\u00eda y los sentimientos de autodestrucci\u00f3n.<\/p>\n<h3>Ingredientes:<\/h3>\n<p>Perfume textil fabricado con esencias arom\u00e1ticas importadas de UK y alcohol de cereal, donde se combinan los mejores ingredientes para lograr un producto de calidad. En dos formatos de botella en vidrio y aluminio, que permite la mejor conservaci\u00f3n de los aromas y calidad del producto.<\/p>\n<h3>Modo de aplicaci\u00f3n:<\/h3>\n<p>Puede aplicar este producto directamente sobre la tela a una distancia de 20 cm. o puede aplicarlo como ambientador en su habitaci\u00f3n, oficina, ba\u00f1o etc. evitando el contacto con los ojos.<\/p>\n<p>Este producto no contiene ning\u00fan aditivo alerg\u00e9nico que pueda irritar su piel, es la misma composici\u00f3n que un perfume normal, ya que s\u00f3lo contiene esencias arom\u00e1ticas y alcohol de cereal, el mismo usado en la perfumer\u00eda.<\/p>\n<h1><\/h1>\n<h1><img loading=\"lazy\" decoding=\"async\" class=\"alignnone size-full wp-image-84\" src=\"https:\/\/barro.cl\/tiendaBarro\/wp-content\/uploads\/2022\/01\/150barroGD002-c.png\" alt=\"\" width=\"150\" height=\"70\" \/><\/h1>\n<\/div>\n","protected":false},"excerpt":{"rendered":"<h4><\/h4>\n<h4>Aromacolog\u00eda<\/h4>\n<p>Este aroma est\u00e1 asociado a las siguientes caracter\u00edsticas: aroma delicioso, sensual que entusiasma, combate la tristeza, el des\u00e1nimo, la depresi\u00f3n y la falta de motivaci\u00f3n. Renovaci\u00f3n, frescura de cambios para bien; alivia la melancol\u00eda y los sentimientos de autodestrucci\u00f3n.<\/p>\n","protected":false},"featured_media":639,"template":"","meta":{"_et_pb_use_builder":"","_et_pb_old_content":"","_et_gb_content_width":""},"product_cat":[23],"product_tag":[],"class_list":["post-99","product","type-product","status-publish","has-post-thumbnail","hentry","product_cat-aromacologia"],"_links":{"self":[{"href":"https:\/\/barro.cl\/tiendaBarro\/wp-json\/wp\/v2\/product\/99","targetHints":{"allow":["GET"]}}],"collection":[{"href":"https:\/\/barro.cl\/tiendaBarro\/wp-json\/wp\/v2\/product"}],"about":[{"href":"https:\/\/barro.cl\/tiendaBarro\/wp-json\/wp\/v2\/types\/product"}],"wp:featuredmedia":[{"embeddable":true,"href":"https:\/\/barro.cl\/tiendaBarro\/wp-json\/wp\/v2\/media\/639"}],"wp:attachment":[{"href":"https:\/\/barro.cl\/tiendaBarro\/wp-json\/wp\/v2\/media?parent=99"}],"wp:term":[{"taxonomy":"product_cat","embeddable":true,"href":"https:\/\/barro.cl\/tiendaBarro\/wp-json\/wp\/v2\/product_cat?post=99"},{"taxonomy":"product_tag","embeddable":true,"href":"https:\/\/barro.cl\/tiendaBarro\/wp-json\/wp\/v2\/product_tag?post=99"}],"curies":[{"name":"wp","href":"https:\/\/api.w.org\/{rel}","templated":true}]}}